{"id":10,"date":"2018-09-03T07:17:52","date_gmt":"2018-09-03T07:17:52","guid":{"rendered":"http:\/\/fight-sport-pirna.de\/?page_id=10"},"modified":"2023-03-31T07:44:10","modified_gmt":"2023-03-31T07:44:10","slug":"kurse","status":"publish","type":"page","link":"https:\/\/fight-sport-pirna.de\/?page_id=10","title":{"rendered":"Kurse"},"content":{"rendered":"<h2><strong>Kickboxen, Boxen und Selbstverteidigung<\/strong><\/h2>\n<p>Hohes technisches K\u00f6nnen, au\u00dferordentliche Konditionst\u00e4rke und Willenskraft sind essenzielle Bestandteile von Kontaktsportarten und einer zielorientierten Verteidigung.<\/p>\n<p>In diesem Kurs bieten wir ein intensives und umfangreiches Training dieser Aspekte.<\/p>\n<p><strong>Termine:<\/strong><\/p>\n<p>Mo: 18:00 &#8211; 20:00<\/p>\n<p>Mi:\u00a018:00 &#8211; 20:00<\/p>\n<p>Fr:\u00a018:00 &#8211; 20:00<\/p>\n<p><strong>\u00a0<\/strong><\/p>\n<h2><strong>Selbstverteidigung f\u00fcr Frauen<\/strong><\/h2>\n<p>Das Erkennen von Gefahren und regelm\u00e4\u00dfiges Training sind Grundlage f\u00fcr ein selbstsicheres Auftreten.<br \/>\nSpeziell f\u00fcr Frauen und M\u00e4dchen bieten wir einen Selbstverteidigungskurs an, in dem der Umgang mit gef\u00e4hrlichen Situationen bis zur Routine trainiert wird.<\/p>\n<p><strong>Termin:<\/strong><\/p>\n<p>Do: 17:45 &#8211; 19:00<\/p>\n<p><strong>\u00a0<\/strong><\/p>\n<h2><strong>Kinderkurs im Kickboxen und Selbstverteidigun<\/strong><\/h2>\n<p>Dieser Kurs bietet Kindern ab 10 Jahren die M\u00f6glichkeit sich selbst zu erfahren und f\u00f6rdert sowohl Motorik als auch Disziplin.<\/p>\n<p>In den Gruppen werden technische Grundlagen und Selbstvertrauen vermittelt.<\/p>\n<p><strong>Termine:<\/strong><\/p>\n<p>Mo: 16:30 &#8211; 18:00<\/p>\n<p>Mi:\u00a016:30 &#8211; 18:00<\/p>\n<p><strong>\u00a0<\/strong><\/p>\n<h2><strong>Fitness-Boxen f\u00fcr Frauen<\/strong><\/h2>\n<p>Ein effizientes Workout mit zahlreichen Elementen aus dem Boxen, speziell f\u00fcr Frauen.<\/p>\n<p>Es steigert die Fitness und hilft langfristig die Gesundheit zu erhalten.<\/p>\n<p><strong>Termin:<\/strong><\/p>\n<p>Zurzeit <strong>kein<\/strong> Kurs.<\/p>\n","protected":false},"excerpt":{"rendered":"<p>Kickboxen, Boxen und Selbstverteidigung Hohes technisches K\u00f6nnen, au\u00dferordentliche Konditionst\u00e4rke und Willenskraft sind essenzielle Bestandteile von Kontaktsportarten und einer zielorientierten Verteidigung. In diesem Kurs bieten wir ein intensives und umfangreiches Training dieser Aspekte. Termine: Mo: 18:00 &#8211; 20:00 Mi:\u00a018:00 &#8211; 20:00 Fr:\u00a018:00 &#8211; 20:00 \u00a0 Selbstverteidigung f\u00fcr Frauen Das Erkennen von Gefahren und regelm\u00e4\u00dfiges Training sind<\/p><\/div>\n<div class=\"blog-btn\"><a href=\"https:\/\/fight-sport-pirna.de\/?page_id=10\" class=\"home-blog-btn\">Weiterlesen<\/a><\/p>\n","protected":false},"author":1,"featured_media":0,"parent":0,"menu_order":0,"comment_status":"closed","ping_status":"closed","template":"","meta":{"footnotes":""},"class_list":["post-10","page","type-page","status-publish","hentry"],"_links":{"self":[{"href":"https:\/\/fight-sport-pirna.de\/index.php?rest_route=\/wp\/v2\/pages\/10","targetHints":{"allow":["GET"]}}],"collection":[{"href":"https:\/\/fight-sport-pirna.de\/index.php?rest_route=\/wp\/v2\/pages"}],"about":[{"href":"https:\/\/fight-sport-pirna.de\/index.php?rest_route=\/wp\/v2\/types\/page"}],"author":[{"embeddable":true,"href":"https:\/\/fight-sport-pirna.de\/index.php?rest_route=\/wp\/v2\/users\/1"}],"replies":[{"embeddable":true,"href":"https:\/\/fight-sport-pirna.de\/index.php?rest_route=%2Fwp%2Fv2%2Fcomments&post=10"}],"version-history":[{"count":11,"href":"https:\/\/fight-sport-pirna.de\/index.php?rest_route=\/wp\/v2\/pages\/10\/revisions"}],"predecessor-version":[{"id":223,"href":"https:\/\/fight-sport-pirna.de\/index.php?rest_route=\/wp\/v2\/pages\/10\/revisions\/223"}],"wp:attachment":[{"href":"https:\/\/fight-sport-pirna.de\/index.php?rest_route=%2Fwp%2Fv2%2Fmedia&parent=10"}],"curies":[{"name":"wp","href":"https:\/\/api.w.org\/{rel}","templated":true}]}}